{"id":6,"date":"2023-03-28T10:05:13","date_gmt":"2023-03-28T10:05:13","guid":{"rendered":"https:\/\/demetra.erasmus.site\/?page_id=6"},"modified":"2026-03-16T07:25:28","modified_gmt":"2026-03-16T07:25:28","slug":"home","status":"publish","type":"page","link":"https:\/\/demetra.erasmus.site\/cs\/","title":{"rendered":"Hlavn\u00ed strana"},"content":{"rendered":"\t\t<div data-elementor-type=\"wp-page\" data-elementor-id=\"6\" class=\"elementor elementor-6\">\n\t\t\t\t\t\t<section class=\"elementor-section elementor-top-section elementor-element elementor-element-fbd3cc6 elementor-section-boxed elementor-section-height-default elementor-section-height-default\" data-id=\"fbd3cc6\" data-element_type=\"section\" data-e-type=\"section\" data-settings=\"{&quot;background_background&quot;:&quot;classic&quot;,&quot;animation&quot;:&quot;none&quot;}\">\n\t\t\t\t\t\t<div class=\"elementor-container elementor-column-gap-default\">\n\t\t\t\t\t<div class=\"elementor-column elementor-col-100 elementor-top-column elementor-element elementor-element-8cc6c12\" data-id=\"8cc6c12\" data-element_type=\"column\" data-e-type=\"column\">\n\t\t\t<div class=\"elementor-widget-wrap elementor-element-populated\">\n\t\t\t\t\t\t<div class=\"elementor-element elementor-element-8aa6284 elementor-widget elementor-widget-text-editor\" data-id=\"8aa6284\" data-element_type=\"widget\" data-e-type=\"widget\" data-widget_type=\"text-editor.default\">\n\t\t\t\t<div class=\"elementor-widget-container\">\n\t\t\t\t\t\t\t\t\t<p><\/p><p>V\u00cdTEJTE v e-learningov\u00e9m kurzu DEMETRA!<\/p><p>Tato PLATFORMA zahrnuje ve\u0161ker\u00e9 materi\u00e1ly vytvo\u0159en\u00e9 v r\u00e1mci 3. f\u00e1ze projektu DEMETRA.<\/p><p>Pokra\u010dujte do e-learningov\u00e9ho kurzu v\u00fdb\u011brem modulu, se kter\u00fdm chcete za\u010d\u00edt.<\/p><p><\/p><p><\/p><p><\/p><p><\/p>\t\t\t\t\t\t\t\t<\/div>\n\t\t\t\t<\/div>\n\t\t\t\t\t<\/div>\n\t\t<\/div>\n\t\t\t\t\t<\/div>\n\t\t<\/section>\n\t\t\t\t<section class=\"elementor-section elementor-top-section elementor-element elementor-element-8a13553 elementor-section-boxed elementor-section-height-default elementor-section-height-default\" data-id=\"8a13553\" data-element_type=\"section\" data-e-type=\"section\" data-settings=\"{&quot;animation&quot;:&quot;none&quot;}\">\n\t\t\t\t\t\t<div class=\"elementor-container elementor-column-gap-default\">\n\t\t\t\t\t<div class=\"elementor-column elementor-col-33 elementor-top-column elementor-element elementor-element-faea438\" data-id=\"faea438\" data-element_type=\"column\" data-e-type=\"column\">\n\t\t\t<div class=\"elementor-widget-wrap elementor-element-populated\">\n\t\t\t\t\t\t<div class=\"elementor-element elementor-element-201a6f1 elementor-widget elementor-widget-image\" data-id=\"201a6f1\" data-element_type=\"widget\" data-e-type=\"widget\" data-widget_type=\"image.default\">\n\t\t\t\t<div class=\"elementor-widget-container\">\n\t\t\t\t\t\t\t\t\t\t\t\t\t\t\t<img fetchpriority=\"high\" decoding=\"async\" width=\"300\" height=\"300\" src=\"https:\/\/demetra.erasmus.site\/wp-content\/uploads\/2023\/12\/modul-1-zdjecie-glowne-300x300.jpg\" class=\"attachment-medium size-medium wp-image-680\" alt=\"\" srcset=\"https:\/\/demetra.erasmus.site\/wp-content\/uploads\/2023\/12\/modul-1-zdjecie-glowne-scaled-e1702386080846.jpg 300w, https:\/\/demetra.erasmus.site\/wp-content\/uploads\/2023\/12\/modul-1-zdjecie-glowne-1024x1024.jpg 1024w, https:\/\/demetra.erasmus.site\/wp-content\/uploads\/2023\/12\/modul-1-zdjecie-glowne-150x150.jpg 150w, https:\/\/demetra.erasmus.site\/wp-content\/uploads\/2023\/12\/modul-1-zdjecie-glowne-768x768.jpg 768w, https:\/\/demetra.erasmus.site\/wp-content\/uploads\/2023\/12\/modul-1-zdjecie-glowne-1536x1536.jpg 1536w, https:\/\/demetra.erasmus.site\/wp-content\/uploads\/2023\/12\/modul-1-zdjecie-glowne-2048x2048.jpg 2048w, https:\/\/demetra.erasmus.site\/wp-content\/uploads\/2023\/12\/modul-1-zdjecie-glowne-24x24.jpg 24w, https:\/\/demetra.erasmus.site\/wp-content\/uploads\/2023\/12\/modul-1-zdjecie-glowne-36x36.jpg 36w, https:\/\/demetra.erasmus.site\/wp-content\/uploads\/2023\/12\/modul-1-zdjecie-glowne-48x48.jpg 48w\" sizes=\"(max-width: 300px) 100vw, 300px\" \/>\t\t\t\t\t\t\t\t\t\t\t\t\t\t\t<\/div>\n\t\t\t\t<\/div>\n\t\t\t\t<div class=\"elementor-element elementor-element-6d15f7b elementor-widget elementor-widget-heading\" data-id=\"6d15f7b\" data-element_type=\"widget\" data-e-type=\"widget\" data-widget_type=\"heading.default\">\n\t\t\t\t<div class=\"elementor-widget-container\">\n\t\t\t\t\t<h2 class=\"elementor-heading-title elementor-size-default\">Modul 1:<\/h2>\t\t\t\t<\/div>\n\t\t\t\t<\/div>\n\t\t\t\t<div class=\"elementor-element elementor-element-17094c6 elementor-widget elementor-widget-text-editor\" data-id=\"17094c6\" data-element_type=\"widget\" data-e-type=\"widget\" data-widget_type=\"text-editor.default\">\n\t\t\t\t<div class=\"elementor-widget-container\">\n\t\t\t\t\t\t\t\t\t<h2>Pr\u016fvodce podnik\u00e1n\u00edm<\/h2>\t\t\t\t\t\t\t\t<\/div>\n\t\t\t\t<\/div>\n\t\t\t\t<div class=\"elementor-element elementor-element-c52a09e elementor-align-center elementor-widget elementor-widget-button\" data-id=\"c52a09e\" data-element_type=\"widget\" data-e-type=\"widget\" data-widget_type=\"button.default\">\n\t\t\t\t<div class=\"elementor-widget-container\">\n\t\t\t\t\t\t\t\t\t<div class=\"elementor-button-wrapper\">\n\t\t\t\t\t<a class=\"elementor-button elementor-button-link elementor-size-sm\" href=\"https:\/\/demetra.erasmus.site\/courses\/module-1-business-guide\/lessons\/introduction\/\" target=\"_blank\">\n\t\t\t\t\t\t<span class=\"elementor-button-content-wrapper\">\n\t\t\t\t\t\t\t\t\t<span class=\"elementor-button-text\">Otev\u0159\u00edt kurz<\/span>\n\t\t\t\t\t<\/span>\n\t\t\t\t\t<\/a>\n\t\t\t\t<\/div>\n\t\t\t\t\t\t\t\t<\/div>\n\t\t\t\t<\/div>\n\t\t\t\t\t<\/div>\n\t\t<\/div>\n\t\t\t\t<div class=\"elementor-column elementor-col-33 elementor-top-column elementor-element elementor-element-71697d9\" data-id=\"71697d9\" data-element_type=\"column\" data-e-type=\"column\">\n\t\t\t<div class=\"elementor-widget-wrap elementor-element-populated\">\n\t\t\t\t\t\t<div class=\"elementor-element elementor-element-42521c0 elementor-widget elementor-widget-image\" data-id=\"42521c0\" data-element_type=\"widget\" data-e-type=\"widget\" data-widget_type=\"image.default\">\n\t\t\t\t<div class=\"elementor-widget-container\">\n\t\t\t\t\t\t\t\t\t\t\t\t\t\t\t<img decoding=\"async\" width=\"300\" height=\"300\" src=\"https:\/\/demetra.erasmus.site\/wp-content\/uploads\/2023\/03\/m2.png\" class=\"attachment-large size-large wp-image-147\" alt=\"\" srcset=\"https:\/\/demetra.erasmus.site\/wp-content\/uploads\/2023\/03\/m2.png 300w, https:\/\/demetra.erasmus.site\/wp-content\/uploads\/2023\/03\/m2-150x150.png 150w\" sizes=\"(max-width: 300px) 100vw, 300px\" \/>\t\t\t\t\t\t\t\t\t\t\t\t\t\t\t<\/div>\n\t\t\t\t<\/div>\n\t\t\t\t<div class=\"elementor-element elementor-element-9488ef9 elementor-widget elementor-widget-heading\" data-id=\"9488ef9\" data-element_type=\"widget\" data-e-type=\"widget\" data-widget_type=\"heading.default\">\n\t\t\t\t<div class=\"elementor-widget-container\">\n\t\t\t\t\t<h2 class=\"elementor-heading-title elementor-size-default\">Modul 2:<\/h2>\t\t\t\t<\/div>\n\t\t\t\t<\/div>\n\t\t\t\t<div class=\"elementor-element elementor-element-6b2ff40 elementor-widget elementor-widget-text-editor\" data-id=\"6b2ff40\" data-element_type=\"widget\" data-e-type=\"widget\" data-widget_type=\"text-editor.default\">\n\t\t\t\t<div class=\"elementor-widget-container\">\n\t\t\t\t\t\t\t\t\t<h2>\u017deny podnikaj\u00edc\u00ed v zem\u011bd\u011blstv\u00ed<\/h2>\t\t\t\t\t\t\t\t<\/div>\n\t\t\t\t<\/div>\n\t\t\t\t<div class=\"elementor-element elementor-element-c31c1cc elementor-align-center elementor-widget elementor-widget-button\" data-id=\"c31c1cc\" data-element_type=\"widget\" data-e-type=\"widget\" data-widget_type=\"button.default\">\n\t\t\t\t<div class=\"elementor-widget-container\">\n\t\t\t\t\t\t\t\t\t<div class=\"elementor-button-wrapper\">\n\t\t\t\t\t<a class=\"elementor-button elementor-button-link elementor-size-sm\" href=\"https:\/\/demetra.erasmus.site\/courses\/module-2-women-in-agriculture-business\/lessons\/introduction-2\/\" target=\"_blank\">\n\t\t\t\t\t\t<span class=\"elementor-button-content-wrapper\">\n\t\t\t\t\t\t\t\t\t<span class=\"elementor-button-text\">Otev\u0159\u00edt kurz<\/span>\n\t\t\t\t\t<\/span>\n\t\t\t\t\t<\/a>\n\t\t\t\t<\/div>\n\t\t\t\t\t\t\t\t<\/div>\n\t\t\t\t<\/div>\n\t\t\t\t\t<\/div>\n\t\t<\/div>\n\t\t\t\t<div class=\"elementor-column elementor-col-33 elementor-top-column elementor-element elementor-element-1c3c57b\" data-id=\"1c3c57b\" data-element_type=\"column\" data-e-type=\"column\">\n\t\t\t<div class=\"elementor-widget-wrap elementor-element-populated\">\n\t\t\t\t\t\t<div class=\"elementor-element elementor-element-04f4853 elementor-widget elementor-widget-image\" data-id=\"04f4853\" data-element_type=\"widget\" data-e-type=\"widget\" data-widget_type=\"image.default\">\n\t\t\t\t<div class=\"elementor-widget-container\">\n\t\t\t\t\t\t\t\t\t\t\t\t\t\t\t<img decoding=\"async\" width=\"300\" height=\"300\" src=\"https:\/\/demetra.erasmus.site\/wp-content\/uploads\/2023\/03\/dem3.png\" class=\"attachment-large size-large wp-image-192\" alt=\"\" srcset=\"https:\/\/demetra.erasmus.site\/wp-content\/uploads\/2023\/03\/dem3.png 300w, https:\/\/demetra.erasmus.site\/wp-content\/uploads\/2023\/03\/dem3-150x150.png 150w\" sizes=\"(max-width: 300px) 100vw, 300px\" \/>\t\t\t\t\t\t\t\t\t\t\t\t\t\t\t<\/div>\n\t\t\t\t<\/div>\n\t\t\t\t<div class=\"elementor-element elementor-element-fa3aaa9 elementor-widget elementor-widget-heading\" data-id=\"fa3aaa9\" data-element_type=\"widget\" data-e-type=\"widget\" data-widget_type=\"heading.default\">\n\t\t\t\t<div class=\"elementor-widget-container\">\n\t\t\t\t\t<h2 class=\"elementor-heading-title elementor-size-large\">Modul 3:<\/h2>\t\t\t\t<\/div>\n\t\t\t\t<\/div>\n\t\t\t\t<div class=\"elementor-element elementor-element-43f7abb elementor-widget elementor-widget-text-editor\" data-id=\"43f7abb\" data-element_type=\"widget\" data-e-type=\"widget\" data-widget_type=\"text-editor.default\">\n\t\t\t\t<div class=\"elementor-widget-container\">\n\t\t\t\t\t\t\t\t\t<h2>Udr\u017eiteln\u00e9 postupy v podnik\u00e1n\u00ed v zem\u011bd\u011blstv\u00ed<\/h2>\t\t\t\t\t\t\t\t<\/div>\n\t\t\t\t<\/div>\n\t\t\t\t<div class=\"elementor-element elementor-element-6b24563 elementor-align-center elementor-widget elementor-widget-button\" data-id=\"6b24563\" data-element_type=\"widget\" data-e-type=\"widget\" data-widget_type=\"button.default\">\n\t\t\t\t<div class=\"elementor-widget-container\">\n\t\t\t\t\t\t\t\t\t<div class=\"elementor-button-wrapper\">\n\t\t\t\t\t<a class=\"elementor-button elementor-button-link elementor-size-sm\" href=\"https:\/\/demetra.erasmus.site\/courses\/module-3-sustainable-practices-in-agriculture-business\/lessons\/introduction-3\/\" target=\"_blank\">\n\t\t\t\t\t\t<span class=\"elementor-button-content-wrapper\">\n\t\t\t\t\t\t\t\t\t<span class=\"elementor-button-text\">Otev\u0159\u00edt kurz<\/span>\n\t\t\t\t\t<\/span>\n\t\t\t\t\t<\/a>\n\t\t\t\t<\/div>\n\t\t\t\t\t\t\t\t<\/div>\n\t\t\t\t<\/div>\n\t\t\t\t\t<\/div>\n\t\t<\/div>\n\t\t\t\t\t<\/div>\n\t\t<\/section>\n\t\t\t\t<section class=\"elementor-section elementor-top-section elementor-element elementor-element-427cad2 elementor-section-boxed elementor-section-height-default elementor-section-height-default\" data-id=\"427cad2\" data-element_type=\"section\" data-e-type=\"section\" data-settings=\"{&quot;animation&quot;:&quot;none&quot;}\">\n\t\t\t\t\t\t<div class=\"elementor-container elementor-column-gap-default\">\n\t\t\t\t\t<div class=\"elementor-column elementor-col-33 elementor-top-column elementor-element elementor-element-fb58655\" data-id=\"fb58655\" data-element_type=\"column\" data-e-type=\"column\">\n\t\t\t<div class=\"elementor-widget-wrap elementor-element-populated\">\n\t\t\t\t\t\t<div class=\"elementor-element elementor-element-50f5cdd elementor-widget elementor-widget-image\" data-id=\"50f5cdd\" data-element_type=\"widget\" data-e-type=\"widget\" data-widget_type=\"image.default\">\n\t\t\t\t<div class=\"elementor-widget-container\">\n\t\t\t\t\t\t\t\t\t\t\t\t\t\t\t<img loading=\"lazy\" decoding=\"async\" width=\"300\" height=\"200\" src=\"https:\/\/demetra.erasmus.site\/wp-content\/uploads\/2023\/08\/19949140_6157501-300x200.jpg\" class=\"attachment-medium size-medium wp-image-566\" alt=\"\" srcset=\"https:\/\/demetra.erasmus.site\/wp-content\/uploads\/2023\/08\/19949140_6157501-300x200.jpg 300w, https:\/\/demetra.erasmus.site\/wp-content\/uploads\/2023\/08\/19949140_6157501-1024x683.jpg 1024w, https:\/\/demetra.erasmus.site\/wp-content\/uploads\/2023\/08\/19949140_6157501-768x512.jpg 768w, https:\/\/demetra.erasmus.site\/wp-content\/uploads\/2023\/08\/19949140_6157501-1536x1024.jpg 1536w, https:\/\/demetra.erasmus.site\/wp-content\/uploads\/2023\/08\/19949140_6157501-2048x1365.jpg 2048w, https:\/\/demetra.erasmus.site\/wp-content\/uploads\/2023\/08\/19949140_6157501-930x620.jpg 930w\" sizes=\"(max-width: 300px) 100vw, 300px\" \/>\t\t\t\t\t\t\t\t\t\t\t\t\t\t\t<\/div>\n\t\t\t\t<\/div>\n\t\t\t\t<div class=\"elementor-element elementor-element-bd13875 elementor-widget elementor-widget-heading\" data-id=\"bd13875\" data-element_type=\"widget\" data-e-type=\"widget\" data-widget_type=\"heading.default\">\n\t\t\t\t<div class=\"elementor-widget-container\">\n\t\t\t\t\t<h2 class=\"elementor-heading-title elementor-size-large\">SLOVN\u00cd\u010cEK<\/h2>\t\t\t\t<\/div>\n\t\t\t\t<\/div>\n\t\t\t\t<div class=\"elementor-element elementor-element-38d3176 elementor-align-center elementor-widget elementor-widget-button\" data-id=\"38d3176\" data-element_type=\"widget\" data-e-type=\"widget\" data-widget_type=\"button.default\">\n\t\t\t\t<div class=\"elementor-widget-container\">\n\t\t\t\t\t\t\t\t\t<div class=\"elementor-button-wrapper\">\n\t\t\t\t\t<a class=\"elementor-button elementor-button-link elementor-size-sm\" href=\"https:\/\/demetra.erasmus.site\/courses\/glossary\/lessons\/module-1\/\" target=\"_blank\">\n\t\t\t\t\t\t<span class=\"elementor-button-content-wrapper\">\n\t\t\t\t\t\t\t\t\t<span class=\"elementor-button-text\">SLOVN\u00cd\u010cEK<\/span>\n\t\t\t\t\t<\/span>\n\t\t\t\t\t<\/a>\n\t\t\t\t<\/div>\n\t\t\t\t\t\t\t\t<\/div>\n\t\t\t\t<\/div>\n\t\t\t\t\t<\/div>\n\t\t<\/div>\n\t\t\t\t<div class=\"elementor-column elementor-col-33 elementor-top-column elementor-element elementor-element-45f688a\" data-id=\"45f688a\" data-element_type=\"column\" data-e-type=\"column\">\n\t\t\t<div class=\"elementor-widget-wrap elementor-element-populated\">\n\t\t\t\t\t\t<div class=\"elementor-element elementor-element-395207c elementor-widget elementor-widget-image\" data-id=\"395207c\" data-element_type=\"widget\" data-e-type=\"widget\" data-widget_type=\"image.default\">\n\t\t\t\t<div class=\"elementor-widget-container\">\n\t\t\t\t\t\t\t\t\t\t\t\t\t\t\t<img decoding=\"async\" src=\"https:\/\/demetra.erasmus.site\/wp-content\/uploads\/elementor\/thumbs\/30590323_7686388-qaeqrcortrafqh55jyk2568mnfap6ex94nk4br3iz4.jpg\" title=\"Barbershop team\" alt=\"Barbershop team\" loading=\"lazy\" \/>\t\t\t\t\t\t\t\t\t\t\t\t\t\t\t<\/div>\n\t\t\t\t<\/div>\n\t\t\t\t<div class=\"elementor-element elementor-element-a36e5cf elementor-widget elementor-widget-heading\" data-id=\"a36e5cf\" data-element_type=\"widget\" data-e-type=\"widget\" data-widget_type=\"heading.default\">\n\t\t\t\t<div class=\"elementor-widget-container\">\n\t\t\t\t\t<h2 class=\"elementor-heading-title elementor-size-large\">QUIZ<\/h2>\t\t\t\t<\/div>\n\t\t\t\t<\/div>\n\t\t\t\t<div class=\"elementor-element elementor-element-005e7b0 elementor-align-center elementor-widget elementor-widget-button\" data-id=\"005e7b0\" data-element_type=\"widget\" data-e-type=\"widget\" data-widget_type=\"button.default\">\n\t\t\t\t<div class=\"elementor-widget-container\">\n\t\t\t\t\t\t\t\t\t<div class=\"elementor-button-wrapper\">\n\t\t\t\t\t<a class=\"elementor-button elementor-button-link elementor-size-sm\" href=\"https:\/\/demetra.erasmus.site\/quiz\/\" target=\"_blank\">\n\t\t\t\t\t\t<span class=\"elementor-button-content-wrapper\">\n\t\t\t\t\t\t\t\t\t<span class=\"elementor-button-text\">QUIZ<\/span>\n\t\t\t\t\t<\/span>\n\t\t\t\t\t<\/a>\n\t\t\t\t<\/div>\n\t\t\t\t\t\t\t\t<\/div>\n\t\t\t\t<\/div>\n\t\t\t\t\t<\/div>\n\t\t<\/div>\n\t\t\t\t<div class=\"elementor-column elementor-col-33 elementor-top-column elementor-element elementor-element-42e7eb4\" data-id=\"42e7eb4\" data-element_type=\"column\" data-e-type=\"column\">\n\t\t\t<div class=\"elementor-widget-wrap elementor-element-populated\">\n\t\t\t\t\t\t<div class=\"elementor-element elementor-element-eddc517 elementor-widget elementor-widget-image\" data-id=\"eddc517\" data-element_type=\"widget\" data-e-type=\"widget\" data-widget_type=\"image.default\">\n\t\t\t\t<div class=\"elementor-widget-container\">\n\t\t\t\t\t\t\t\t\t\t\t\t\t\t\t<img decoding=\"async\" src=\"https:\/\/demetra.erasmus.site\/wp-content\/uploads\/elementor\/thumbs\/mentoring-videos-zdjecie-glowne-qgpd7iv1he5q2bg3h7c9ny5ht0tilo4j1c05s8ztu8.jpg\" title=\"Critical thinking\" alt=\"Critical thinking\" loading=\"lazy\" \/>\t\t\t\t\t\t\t\t\t\t\t\t\t\t\t<\/div>\n\t\t\t\t<\/div>\n\t\t\t\t<div class=\"elementor-element elementor-element-4f4de4e elementor-widget elementor-widget-heading\" data-id=\"4f4de4e\" data-element_type=\"widget\" data-e-type=\"widget\" data-widget_type=\"heading.default\">\n\t\t\t\t<div class=\"elementor-widget-container\">\n\t\t\t\t\t<h2 class=\"elementor-heading-title elementor-size-large\">Videa pro mentoring<\/h2>\t\t\t\t<\/div>\n\t\t\t\t<\/div>\n\t\t\t\t<div class=\"elementor-element elementor-element-cb67499 elementor-align-center elementor-widget elementor-widget-button\" data-id=\"cb67499\" data-element_type=\"widget\" data-e-type=\"widget\" data-widget_type=\"button.default\">\n\t\t\t\t<div class=\"elementor-widget-container\">\n\t\t\t\t\t\t\t\t\t<div class=\"elementor-button-wrapper\">\n\t\t\t\t\t<a class=\"elementor-button elementor-button-link elementor-size-sm\" href=\"https:\/\/demetra.erasmus.site\/mentoring-videos\/\" target=\"_blank\">\n\t\t\t\t\t\t<span class=\"elementor-button-content-wrapper\">\n\t\t\t\t\t\t\t\t\t<span class=\"elementor-button-text\">Otev\u0159\u00edt<\/span>\n\t\t\t\t\t<\/span>\n\t\t\t\t\t<\/a>\n\t\t\t\t<\/div>\n\t\t\t\t\t\t\t\t<\/div>\n\t\t\t\t<\/div>\n\t\t\t\t\t<\/div>\n\t\t<\/div>\n\t\t\t\t\t<\/div>\n\t\t<\/section>\n\t\t\t\t<section class=\"elementor-section elementor-top-section elementor-element elementor-element-4f19765 elementor-section-boxed elementor-section-height-default elementor-section-height-default\" data-id=\"4f19765\" data-element_type=\"section\" data-e-type=\"section\">\n\t\t\t\t\t\t<div class=\"elementor-container elementor-column-gap-default\">\n\t\t\t\t\t<div class=\"elementor-column elementor-col-100 elementor-top-column elementor-element elementor-element-89a37df\" data-id=\"89a37df\" data-element_type=\"column\" data-e-type=\"column\">\n\t\t\t<div class=\"elementor-widget-wrap elementor-element-populated\">\n\t\t\t\t\t\t<div class=\"elementor-element elementor-element-d4e4168 elementor-widget elementor-widget-spacer\" data-id=\"d4e4168\" data-element_type=\"widget\" data-e-type=\"widget\" data-widget_type=\"spacer.default\">\n\t\t\t\t<div class=\"elementor-widget-container\">\n\t\t\t\t\t\t\t<div class=\"elementor-spacer\">\n\t\t\t<div class=\"elementor-spacer-inner\"><\/div>\n\t\t<\/div>\n\t\t\t\t\t\t<\/div>\n\t\t\t\t<\/div>\n\t\t\t\t\t<\/div>\n\t\t<\/div>\n\t\t\t\t\t<\/div>\n\t\t<\/section>\n\t\t\t\t<\/div>\n\t\t","protected":false},"excerpt":{"rendered":"<p>V\u00cdTEJTE v e-learningov\u00e9m kurzu DEMETRA! Tato PLATFORMA zahrnuje ve\u0161ker\u00e9 materi\u00e1ly vytvo\u0159en\u00e9 v r\u00e1mci 3. f\u00e1ze projektu DEMETRA. Pokra\u010dujte do e-learningov\u00e9ho&hellip;&nbsp;<\/p>\n","protected":false},"author":1,"featured_media":0,"parent":0,"menu_order":0,"comment_status":"closed","ping_status":"closed","template":"page-templates\/template-pagebuilder-full-width.php","meta":{"neve_meta_sidebar":"","neve_meta_container":"","neve_meta_enable_content_width":"off","neve_meta_content_width":100,"neve_meta_title_alignment":"","neve_meta_author_avatar":"","neve_post_elements_order":"","neve_meta_disable_header":"","neve_meta_disable_footer":"","neve_meta_disable_title":"","footnotes":""},"class_list":["post-6","page","type-page","status-publish","hentry"],"_links":{"self":[{"href":"https:\/\/demetra.erasmus.site\/cs\/wp-json\/wp\/v2\/pages\/6","targetHints":{"allow":["GET"]}}],"collection":[{"href":"https:\/\/demetra.erasmus.site\/cs\/wp-json\/wp\/v2\/pages"}],"about":[{"href":"https:\/\/demetra.erasmus.site\/cs\/wp-json\/wp\/v2\/types\/page"}],"author":[{"embeddable":true,"href":"https:\/\/demetra.erasmus.site\/cs\/wp-json\/wp\/v2\/users\/1"}],"replies":[{"embeddable":true,"href":"https:\/\/demetra.erasmus.site\/cs\/wp-json\/wp\/v2\/comments?post=6"}],"version-history":[{"count":168,"href":"https:\/\/demetra.erasmus.site\/cs\/wp-json\/wp\/v2\/pages\/6\/revisions"}],"predecessor-version":[{"id":795,"href":"https:\/\/demetra.erasmus.site\/cs\/wp-json\/wp\/v2\/pages\/6\/revisions\/795"}],"wp:attachment":[{"href":"https:\/\/demetra.erasmus.site\/cs\/wp-json\/wp\/v2\/media?parent=6"}],"curies":[{"name":"wp","href":"https:\/\/api.w.org\/{rel}","templated":true}]}}